{"id":51,"date":"2013-02-01T18:32:37","date_gmt":"2013-02-01T15:32:37","guid":{"rendered":"http:\/\/www.ilmasiltahml.fi\/?page_id=51"},"modified":"2025-04-16T10:10:09","modified_gmt":"2025-04-16T07:10:09","slug":"jasenasiat","status":"publish","type":"page","link":"https:\/\/www.ilmasiltahml.fi\/?page_id=51","title":{"rendered":"J\u00e4senasiat"},"content":{"rendered":"<p>H\u00e4meenlinnan Ilmasiltaan voivat liitty\u00e4 kaikki ilmailusta ja ilmailuhistoriasta kiinnostuneet henkil\u00f6t. Aiempaa ilmailutaustaa ei edellytet\u00e4. Kuukausiluennot ovat avoimia tilailuuksia ja niihin voivat osallistua kaikki ilmailusta ja Ilmasillan toiminnasta kiinnostuneet, j\u00e4senyytt\u00e4 ei edellytet\u00e4. Ilmasillan tiedotteet julkaistaan H\u00e4meen Sanomissa sek\u00e4 l\u00e4hetet\u00e4\u00e4n annettuun s\u00e4hk\u00f6postiosoitteeseen.<\/p>\n<p>Ilmasilta ker\u00e4\u00e4 j\u00e4senelt\u00e4\u00e4n j\u00e4senmaksua 10 \u20ac vuodessa, jonka voit suorittaa kuukausikokouksen yhteydess\u00e4 tai j\u00e4ljemp\u00e4n\u00e4 olevaan tilinumeroon. Lis\u00e4ksi kuukausikokouksissa ker\u00e4t\u00e4\u00e4n vapaaehtoinen 3 \u20ac luentomaksun. Ker\u00e4\u00e4ntyneet varat k\u00e4ytet\u00e4\u00e4n yhdistyksen toiminnan yll\u00e4pit\u00e4miseen.<\/p>\n<div>\n<p>Haluatko H\u00e4meenlinnan Ilmasillan j\u00e4seneksi, tule kuukausikokoukseen tai l\u00e4het\u00e4 tietosi s\u00e4hk\u00f6postilla sihteerille: markkujniemi(at)gmail.com tai ilmasilta.hml(at)gmail.com<\/p>\n<h3><strong>H\u00e4meenlinnan Ilmasillan pankkitili: <\/strong><strong>Etel\u00e4-H\u00e4meen Osuuspankki FI5456800020502387<\/strong><\/h3>\n<\/div>\n","protected":false},"excerpt":{"rendered":"<p>H\u00e4meenlinnan Ilmasiltaan voivat liitty\u00e4 kaikki ilmailusta ja ilmailuhistoriasta kiinnostuneet henkil\u00f6t. Aiempaa ilmailutaustaa ei edellytet\u00e4. Kuukausiluennot ovat avoimia tilailuuksia ja niihin voivat osallistua kaikki ilmailusta ja Ilmasillan toiminnasta kiinnostuneet, j\u00e4senyytt\u00e4 ei edellytet\u00e4. Ilmasillan tiedotteet julkaistaan H\u00e4meen Sanomissa sek\u00e4 l\u00e4hetet\u00e4\u00e4n annettuun s\u00e4hk\u00f6postiosoitteeseen. &hellip; <a href=\"https:\/\/www.ilmasiltahml.fi\/?page_id=51\">Lue loppuun <span class=\"meta-nav\">&rarr;<\/span><\/a><\/p>\n","protected":false},"author":1,"featured_media":0,"parent":0,"menu_order":7,"comment_status":"closed","ping_status":"closed","template":"onecolumn-page.php","meta":{"jetpack_post_was_ever_published":false},"jetpack_shortlink":"https:\/\/wp.me\/P3fmRt-P","jetpack_sharing_enabled":true,"_links":{"self":[{"href":"https:\/\/www.ilmasiltahml.fi\/index.php?rest_route=\/wp\/v2\/pages\/51"}],"collection":[{"href":"https:\/\/www.ilmasiltahml.fi\/index.php?rest_route=\/wp\/v2\/pages"}],"about":[{"href":"https:\/\/www.ilmasiltahml.fi\/index.php?rest_route=\/wp\/v2\/types\/page"}],"author":[{"embeddable":true,"href":"https:\/\/www.ilmasiltahml.fi\/index.php?rest_route=\/wp\/v2\/users\/1"}],"replies":[{"embeddable":true,"href":"https:\/\/www.ilmasiltahml.fi\/index.php?rest_route=%2Fwp%2Fv2%2Fcomments&post=51"}],"version-history":[{"count":77,"href":"https:\/\/www.ilmasiltahml.fi\/index.php?rest_route=\/wp\/v2\/pages\/51\/revisions"}],"predecessor-version":[{"id":4088,"href":"https:\/\/www.ilmasiltahml.fi\/index.php?rest_route=\/wp\/v2\/pages\/51\/revisions\/4088"}],"wp:attachment":[{"href":"https:\/\/www.ilmasiltahml.fi\/index.php?rest_route=%2Fwp%2Fv2%2Fmedia&parent=51"}],"curies":[{"name":"wp","href":"https:\/\/api.w.org\/{rel}","templated":true}]}}