{"id":42,"date":"2013-02-01T17:27:29","date_gmt":"2013-02-01T15:27:29","guid":{"rendered":"http:\/\/www.ilmasiltahml.fi\/?page_id=42"},"modified":"2026-04-15T09:11:20","modified_gmt":"2026-04-15T06:11:20","slug":"ilmasillan-hallitus","status":"publish","type":"page","link":"https:\/\/www.ilmasiltahml.fi\/?page_id=42","title":{"rendered":"Hallitus"},"content":{"rendered":"<div>\n<p><strong>Puheenjohtaja: Nieminen Seppo<\/strong><\/p>\n<p><strong>J\u00e4senet:<\/strong><\/p>\n<ul>\n<li><strong>Niemi Markku <\/strong><strong><strong>siht.<\/strong><\/strong><\/li>\n<li><strong>Myllykyl\u00e4 Timo <\/strong><strong><strong>varainh.<\/strong><\/strong><\/li>\n<li><strong>Pirttikoski Pasi<\/strong><\/li>\n<li><strong>Jahkonen Ilkka<\/strong><\/li>\n<li><strong>K\u00f6n\u00f6nen Antero<\/strong><\/li>\n<li><strong>Luoma Olli<\/strong><\/li>\n<li><strong>Tuomi Timo<\/strong><\/li>\n<li><strong>\u00d6hberg Ilkka<\/strong><\/li>\n<\/ul>\n<\/div>\n<div>\n<p>Ilmasillan hallitukseen saat yhteytt\u00e4 s\u00e4hk\u00f6postiosoitteella: markkujniemi(at)gmail.com tai ilmasilta.hml(at)gmail.com<\/p>\n<p><em>HUOM! Ilmasillan hallitus kokoontuu esitelm\u00e4tilaisuuksien yhteydess\u00e4 noin 30 minuuttia ennen tilaisuutta.<\/em><\/p>\n<\/div>\n","protected":false},"excerpt":{"rendered":"<p>Puheenjohtaja: Nieminen Seppo J\u00e4senet: Niemi Markku siht. Myllykyl\u00e4 Timo varainh. Pirttikoski Pasi Jahkonen Ilkka K\u00f6n\u00f6nen Antero Luoma Olli Tuomi Timo \u00d6hberg Ilkka Ilmasillan hallitukseen saat yhteytt\u00e4 s\u00e4hk\u00f6postiosoitteella: markkujniemi(at)gmail.com tai ilmasilta.hml(at)gmail.com HUOM! Ilmasillan hallitus kokoontuu esitelm\u00e4tilaisuuksien yhteydess\u00e4 noin 30 minuuttia ennen &hellip; <a href=\"https:\/\/www.ilmasiltahml.fi\/?page_id=42\">Lue loppuun <span class=\"meta-nav\">&rarr;<\/span><\/a><\/p>\n","protected":false},"author":1,"featured_media":0,"parent":0,"menu_order":6,"comment_status":"closed","ping_status":"closed","template":"onecolumn-page.php","meta":{"jetpack_post_was_ever_published":false},"jetpack_shortlink":"https:\/\/wp.me\/P3fmRt-G","jetpack_sharing_enabled":true,"_links":{"self":[{"href":"https:\/\/www.ilmasiltahml.fi\/index.php?rest_route=\/wp\/v2\/pages\/42"}],"collection":[{"href":"https:\/\/www.ilmasiltahml.fi\/index.php?rest_route=\/wp\/v2\/pages"}],"about":[{"href":"https:\/\/www.ilmasiltahml.fi\/index.php?rest_route=\/wp\/v2\/types\/page"}],"author":[{"embeddable":true,"href":"https:\/\/www.ilmasiltahml.fi\/index.php?rest_route=\/wp\/v2\/users\/1"}],"replies":[{"embeddable":true,"href":"https:\/\/www.ilmasiltahml.fi\/index.php?rest_route=%2Fwp%2Fv2%2Fcomments&post=42"}],"version-history":[{"count":59,"href":"https:\/\/www.ilmasiltahml.fi\/index.php?rest_route=\/wp\/v2\/pages\/42\/revisions"}],"predecessor-version":[{"id":4141,"href":"https:\/\/www.ilmasiltahml.fi\/index.php?rest_route=\/wp\/v2\/pages\/42\/revisions\/4141"}],"wp:attachment":[{"href":"https:\/\/www.ilmasiltahml.fi\/index.php?rest_route=%2Fwp%2Fv2%2Fmedia&parent=42"}],"curies":[{"name":"wp","href":"https:\/\/api.w.org\/{rel}","templated":true}]}}