{"id":3867,"date":"2021-10-21T21:53:17","date_gmt":"2021-10-21T18:53:17","guid":{"rendered":"https:\/\/www.ilmasiltahml.fi\/?page_id=3867"},"modified":"2026-04-15T09:04:15","modified_gmt":"2026-04-15T06:04:15","slug":"tiedotteet","status":"publish","type":"page","link":"https:\/\/www.ilmasiltahml.fi\/?page_id=3867","title":{"rendered":"Luennot ja tapahtumat"},"content":{"rendered":"\r\n\r\n\r\n\r\n\r\n\r\n\r\n\r\n\r\n<h2><strong>2026<\/strong><\/h2>\r\n<ul>\r\n<li><strong>7.9.2026 klo 13:00<\/strong> &#8211; Ilmavoimien vainajien p\u00e4iv\u00e4n muistotilaisuus Parolan lentokent\u00e4n muistomerkill\u00e4. <span style=\"font-weight: 400;\">Tilaisuuden j\u00e4lkeen omakustanteiset kahvit Panssarimuseolla.\u00a0<\/span><\/li>\r\n<li><strong>13.10.2026 Luento 17:30 &#8211; &#8221;Lento-osasto Kuhlmeyn toiminta Suomessa Immolasta k\u00e4sin kes\u00e4ll\u00e4 1944&#8221; <\/strong>Esitelm\u00e4n pit\u00e4\u00e4 v\u00e4it\u00f6skirjatutkija Helena Pirttisaari-Sundstr\u00f6m.<\/li>\r\n<li><strong>10.11.2026 Luento 17:30<\/strong> aihe avoin.<\/li>\r\n<\/ul>\r\n<p>&#8212;&#8212;&#8212;&#8212;&#8212;<\/p>\r\n<h3><strong>Aiemmat luennot ja tapahtumat:<\/strong><\/h3>\r\n<ul>\r\n<li>14.4.2026 Ilmasillan vuosikokous 17:00 &#8211; luento klo 17:30 &#8211; Ilmavoimien pelastautumiskoulutus 2020 luvulla. Esitelm\u00e4n pit\u00e4\u00e4 Arttu Kuukkanen V\u00e4\u00e4peli \/ Toimintakyvyn ja pelastautumisen opettaja.<\/li>\r\n<li>10.3.2026 Luento klo 17:30 &#8211; Pelastushypyt laskuvarjolla. Esitelm\u00e4n pit\u00e4\u00e4 kapt. evp Pasi Pirttikoski. H\u00e4n on aktiivinen laskuvarjohypp\u00e4\u00e4j\u00e4, jolla on tilill\u00e4\u00e4n useita mailman- ja suomen enn\u00e4tyksi\u00e4.<\/li>\r\n<li>10.2.2026 Luento klo 17:30 &#8211; Hornet koulutus Yhdysvalloissa 1994-1996. Esitelm\u00e4n pit\u00e4\u00e4 Ismo Aaltonen Evl. evp ja lento-onnettomuustutkija.<\/li>\r\n<li>11.11.2025 Luento klo 17:30 &#8211; Suomen Ultrapilotit ry: Suomalaista ultralent\u00e4mist\u00e4 Espanjassa. Siirtolennot Savikon kent\u00e4lt\u00e4 Antequeraan ja takaisin sek\u00e4 lentotoiminta Espanjassa.<\/li>\r\n<li>14.10.2025 Luento klo 17:30 &#8211; Miehitt\u00e4m\u00e4tt\u00f6mien sotilas ilma-aluksien k\u00e4ytt\u00f6 maavoimissa. Luento maj. Antti Asikainen.<\/li>\r\n<li>Sunnuntai 7.9.2025 klo 13:00 &#8211; Ilmavoimien vainajien p\u00e4iv\u00e4n muistotilaisuus Parolan lentokent\u00e4n muistomerkill\u00e4. <span style=\"font-weight: 400;\">Tilaisuuden j\u00e4lkeen omakustanteiset kahvit Panssarimuseolla.\u00a0<\/span><\/li>\r\n<li>15.4.2025 Vuosikokous klo 17:00 \u2013 Luento klo 17:30 &#8211; Jukka Raunio DI: Saab 91 Safir lentokone ja historia Suomessa.<\/li>\r\n<li>11.3.2025 Luento klo 17:30 &#8211; Kimmo Salomaa<span style=\"font-weight: 400;\"> kom evp: Tuulosen historialliset ilma-alukset: Douglas DC-2 Hanssin-Jukka, Focke-Wulf Stieglitz, MiG-21, Saab J35 Draken ja Mil Mi-8P helikopteri. <\/span><\/li>\r\n<li><span style=\"font-weight: 400;\">11.2.2025 Luento klo 17:30 &#8211; Esko L\u00e4hteenm\u00e4ki onnettomuustutkija evp. 40 vuotta onnettomuustutkintaa maalla, merell\u00e4 ja ilmassa.<\/span><\/li>\r\n<\/ul>\r\n","protected":false},"excerpt":{"rendered":"<p>2026 7.9.2026 klo 13:00 &#8211; Ilmavoimien vainajien p\u00e4iv\u00e4n muistotilaisuus Parolan lentokent\u00e4n muistomerkill\u00e4. Tilaisuuden j\u00e4lkeen omakustanteiset kahvit Panssarimuseolla.\u00a0 13.10.2026 Luento 17:30 &#8211; &#8221;Lento-osasto Kuhlmeyn toiminta Suomessa Immolasta k\u00e4sin kes\u00e4ll\u00e4 1944&#8221; Esitelm\u00e4n pit\u00e4\u00e4 v\u00e4it\u00f6skirjatutkija Helena Pirttisaari-Sundstr\u00f6m. 10.11.2026 Luento 17:30 aihe avoin. &#8212;&#8212;&#8212;&#8212;&#8212; &hellip; <a href=\"https:\/\/www.ilmasiltahml.fi\/?page_id=3867\">Lue loppuun <span class=\"meta-nav\">&rarr;<\/span><\/a><\/p>\n","protected":false},"author":1,"featured_media":0,"parent":0,"menu_order":0,"comment_status":"closed","ping_status":"closed","template":"","meta":{"jetpack_post_was_ever_published":false},"jetpack_shortlink":"https:\/\/wp.me\/P3fmRt-10n","jetpack_sharing_enabled":true,"_links":{"self":[{"href":"https:\/\/www.ilmasiltahml.fi\/index.php?rest_route=\/wp\/v2\/pages\/3867"}],"collection":[{"href":"https:\/\/www.ilmasiltahml.fi\/index.php?rest_route=\/wp\/v2\/pages"}],"about":[{"href":"https:\/\/www.ilmasiltahml.fi\/index.php?rest_route=\/wp\/v2\/types\/page"}],"author":[{"embeddable":true,"href":"https:\/\/www.ilmasiltahml.fi\/index.php?rest_route=\/wp\/v2\/users\/1"}],"replies":[{"embeddable":true,"href":"https:\/\/www.ilmasiltahml.fi\/index.php?rest_route=%2Fwp%2Fv2%2Fcomments&post=3867"}],"version-history":[{"count":158,"href":"https:\/\/www.ilmasiltahml.fi\/index.php?rest_route=\/wp\/v2\/pages\/3867\/revisions"}],"predecessor-version":[{"id":4139,"href":"https:\/\/www.ilmasiltahml.fi\/index.php?rest_route=\/wp\/v2\/pages\/3867\/revisions\/4139"}],"wp:attachment":[{"href":"https:\/\/www.ilmasiltahml.fi\/index.php?rest_route=%2Fwp%2Fv2%2Fmedia&parent=3867"}],"curies":[{"name":"wp","href":"https:\/\/api.w.org\/{rel}","templated":true}]}}