{"id":2,"date":"2013-02-01T17:46:38","date_gmt":"2013-02-01T14:46:38","guid":{"rendered":"http:\/\/www.ilmasiltahml.fi\/?page_id=2"},"modified":"2026-04-15T09:04:54","modified_gmt":"2026-04-15T06:04:54","slug":"esimerkkisivu","status":"publish","type":"page","link":"https:\/\/www.ilmasiltahml.fi\/","title":{"rendered":"Etusivu"},"content":{"rendered":"<p><strong>H\u00e4meenlinnan Ilmasilta<\/strong> perustettiin 22.5.1969 yhdyssiteeksi sotilas- tai siviili-ilmailussa palvelleiden tai niiden parissa yh\u00e4 ty\u00f6skentelevien ja ilmailun harrastajien tai siit\u00e4 kiinnostuneiden v\u00e4lille.<\/p>\n<div>\n<p>Ilmasillan tarkoitus on vaalia maanpuolustushenke\u00e4, lis\u00e4t\u00e4 ilmailuun liittyv\u00e4\u00e4 yleist\u00e4 tiet\u00e4myst\u00e4 ja parantaa lentoturvallisuutta sek\u00e4 ker\u00e4t\u00e4 sotilas- sek\u00e4 siviili-ilmailun historiantietoutta. Ilmasilta haluaa my\u00f6s saada nuoria kiinnostumaan ilmailusta niin ammattina kuin harrasteenakin.<\/p>\n<p>Yhdistyksen j\u00e4senille ja muille ilmailusta kiinnostuneille Ilmasilta j\u00e4rjest\u00e4\u00e4 yhteisty\u00f6ss\u00e4 paikallisten ilmailuyhdistysten kanssa talvikautena julkisia esitelm\u00e4tilaisuuksia, jotka liittyv\u00e4t maanpuolustukseen, ilmailuhistoriaan, sotilas-, siviili- ja harrasteilmailuun sek\u00e4 lentoturvallisuuden edist\u00e4miseen.<\/p>\n<p><strong>Syksyn tapahtumat ja luennot<\/strong>\u00a0alkavat <em>Ilmavoimien vainajien p\u00e4iv\u00e4n muistotilaisuudella 7.9. klo 13:00 Parolan lentokent\u00e4n muistomerkill\u00e4<\/em> ja jatkuvat loka- ja marraskuun toisen t\u00e4yden viikon tiistaina kirjaston Leino-salissa klo 17:30.<\/p>\n<p><strong>Kev\u00e4\u00e4n luennot<\/strong>\u00a0pidet\u00e4\u00e4n helmi-, maalis- ja huhtikuun toisen t\u00e4yden viikon tiistaina kirjaston Leino-salissa klo 17:30. Jos edell\u00e4 mainitut tiistait ovat pyh\u00e4- tai juhlap\u00e4ivi\u00e4, kokous siirtyy seuraavalle viikolle.<\/p>\n<p><strong><em>\u00a0Kokouspaikka\u00a0 \u2013 <a href=\"http:\/\/H\u00e4meenlinnan kaupunginkirjasto, Lukiokatu 2, 13100 H\u00e4meenlinna\">H\u00e4meenlinnan Kirjasto, Leino-sali,\u00a0 Lukiokatu 2, 13100 H\u00e4meenlinna<\/a>\u00a0<\/em><\/strong><\/p>\n<\/div>\n<div>\n<p><em>\u00a0 Last updated: 15 huhtikuun, 2026 at 9:04 am<\/em><\/p>\n<\/div>\n","protected":false},"excerpt":{"rendered":"<p>H\u00e4meenlinnan Ilmasilta perustettiin 22.5.1969 yhdyssiteeksi sotilas- tai siviili-ilmailussa palvelleiden tai niiden parissa yh\u00e4 ty\u00f6skentelevien ja ilmailun harrastajien tai siit\u00e4 kiinnostuneiden v\u00e4lille. Ilmasillan tarkoitus on vaalia maanpuolustushenke\u00e4, lis\u00e4t\u00e4 ilmailuun liittyv\u00e4\u00e4 yleist\u00e4 tiet\u00e4myst\u00e4 ja parantaa lentoturvallisuutta sek\u00e4 ker\u00e4t\u00e4 sotilas- sek\u00e4 siviili-ilmailun historiantietoutta. &hellip; <a href=\"https:\/\/www.ilmasiltahml.fi\/\">Lue loppuun <span class=\"meta-nav\">&rarr;<\/span><\/a><\/p>\n","protected":false},"author":1,"featured_media":0,"parent":0,"menu_order":0,"comment_status":"closed","ping_status":"closed","template":"onecolumn-page.php","meta":{"jetpack_post_was_ever_published":false},"jetpack_shortlink":"https:\/\/wp.me\/P3fmRt-2","jetpack_sharing_enabled":true,"_links":{"self":[{"href":"https:\/\/www.ilmasiltahml.fi\/index.php?rest_route=\/wp\/v2\/pages\/2"}],"collection":[{"href":"https:\/\/www.ilmasiltahml.fi\/index.php?rest_route=\/wp\/v2\/pages"}],"about":[{"href":"https:\/\/www.ilmasiltahml.fi\/index.php?rest_route=\/wp\/v2\/types\/page"}],"author":[{"embeddable":true,"href":"https:\/\/www.ilmasiltahml.fi\/index.php?rest_route=\/wp\/v2\/users\/1"}],"replies":[{"embeddable":true,"href":"https:\/\/www.ilmasiltahml.fi\/index.php?rest_route=%2Fwp%2Fv2%2Fcomments&post=2"}],"version-history":[{"count":218,"href":"https:\/\/www.ilmasiltahml.fi\/index.php?rest_route=\/wp\/v2\/pages\/2\/revisions"}],"predecessor-version":[{"id":4140,"href":"https:\/\/www.ilmasiltahml.fi\/index.php?rest_route=\/wp\/v2\/pages\/2\/revisions\/4140"}],"wp:attachment":[{"href":"https:\/\/www.ilmasiltahml.fi\/index.php?rest_route=%2Fwp%2Fv2%2Fmedia&parent=2"}],"curies":[{"name":"wp","href":"https:\/\/api.w.org\/{rel}","templated":true}]}}